{"id":46,"date":"2023-11-04T18:38:57","date_gmt":"2023-11-04T17:38:57","guid":{"rendered":"https:\/\/lhkd.hu\/wp\/?page_id=46"},"modified":"2023-11-06T12:55:55","modified_gmt":"2023-11-06T11:55:55","slug":"pilotakepzes","status":"publish","type":"page","link":"https:\/\/lhkd.hu\/wp\/pilotakepzes\/","title":{"rendered":"Pil\u00f3tak\u00e9pz\u00e9s"},"content":{"rendered":"\n<p>Inform\u00e1ci\u00f3k hamarosan&#8230;<\/p>\n","protected":false},"excerpt":{"rendered":"<p>Inform\u00e1ci\u00f3k hamarosan&#8230;<\/p>\n","protected":false},"author":1,"featured_media":29,"parent":0,"menu_order":1,"comment_status":"closed","ping_status":"closed","template":"","meta":{"footnotes":""},"class_list":["post-46","page","type-page","status-publish","has-post-thumbnail","hentry"],"_links":{"self":[{"href":"https:\/\/lhkd.hu\/wp\/wp-json\/wp\/v2\/pages\/46","targetHints":{"allow":["GET"]}}],"collection":[{"href":"https:\/\/lhkd.hu\/wp\/wp-json\/wp\/v2\/pages"}],"about":[{"href":"https:\/\/lhkd.hu\/wp\/wp-json\/wp\/v2\/types\/page"}],"author":[{"embeddable":true,"href":"https:\/\/lhkd.hu\/wp\/wp-json\/wp\/v2\/users\/1"}],"replies":[{"embeddable":true,"href":"https:\/\/lhkd.hu\/wp\/wp-json\/wp\/v2\/comments?post=46"}],"version-history":[{"count":2,"href":"https:\/\/lhkd.hu\/wp\/wp-json\/wp\/v2\/pages\/46\/revisions"}],"predecessor-version":[{"id":74,"href":"https:\/\/lhkd.hu\/wp\/wp-json\/wp\/v2\/pages\/46\/revisions\/74"}],"wp:featuredmedia":[{"embeddable":true,"href":"https:\/\/lhkd.hu\/wp\/wp-json\/wp\/v2\/media\/29"}],"wp:attachment":[{"href":"https:\/\/lhkd.hu\/wp\/wp-json\/wp\/v2\/media?parent=46"}],"curies":[{"name":"wp","href":"https:\/\/api.w.org\/{rel}","templated":true}]}}